{"id":47,"date":"2024-03-10T22:18:24","date_gmt":"2024-03-10T19:18:24","guid":{"rendered":"https:\/\/market.gmrtc.com\/?post_type=product&#038;p=47"},"modified":"2024-03-10T22:18:24","modified_gmt":"2024-03-10T19:18:24","slug":"sondaj-logu-ve-ornekleme-masasi-portatif-tekerlekli","status":"publish","type":"product","link":"https:\/\/market.gmrtc.com\/?product=sondaj-logu-ve-ornekleme-masasi-portatif-tekerlekli","title":{"rendered":"Sondaj Logu ve \u00d6rnekleme Masas\u0131 &#8211; Portatif Tekerlekli"},"content":{"rendered":"<p>Portatif Tekerlekli Sondaj Logu ve \u00d6rnekleme Masas\u0131<\/p>\n","protected":false},"excerpt":{"rendered":"<p>Portatif, ta\u015f\u0131nabilir Tekerlekli Sondaj Logu ve \u00d6rnekleme Masas\u0131<\/p>\n","protected":false},"featured_media":0,"comment_status":"open","ping_status":"closed","template":"","meta":{"_kad_post_transparent":"default","_kad_post_title":"","_kad_post_layout":"default","_kad_post_sidebar_id":"","_kad_post_content_style":"default","_kad_post_vertical_padding":"default","_kad_post_feature":"","_kad_post_feature_position":"","_kad_post_header":false,"_kad_post_footer":false},"product_cat":[15],"product_tag":[],"_links":{"self":[{"href":"https:\/\/market.gmrtc.com\/index.php?rest_route=\/wp\/v2\/product\/47"}],"collection":[{"href":"https:\/\/market.gmrtc.com\/index.php?rest_route=\/wp\/v2\/product"}],"about":[{"href":"https:\/\/market.gmrtc.com\/index.php?rest_route=\/wp\/v2\/types\/product"}],"replies":[{"embeddable":true,"href":"https:\/\/market.gmrtc.com\/index.php?rest_route=%2Fwp%2Fv2%2Fcomments&post=47"}],"wp:attachment":[{"href":"https:\/\/market.gmrtc.com\/index.php?rest_route=%2Fwp%2Fv2%2Fmedia&parent=47"}],"wp:term":[{"taxonomy":"product_cat","embeddable":true,"href":"https:\/\/market.gmrtc.com\/index.php?rest_route=%2Fwp%2Fv2%2Fproduct_cat&post=47"},{"taxonomy":"product_tag","embeddable":true,"href":"https:\/\/market.gmrtc.com\/index.php?rest_route=%2Fwp%2Fv2%2Fproduct_tag&post=47"}],"curies":[{"name":"wp","href":"https:\/\/api.w.org\/{rel}","templated":true}]}}